{"id":5591,"date":"2022-09-30T13:44:00","date_gmt":"2022-09-30T11:44:00","guid":{"rendered":"https:\/\/aventouralia.com\/legal-advice\/"},"modified":"2025-07-28T08:46:20","modified_gmt":"2025-07-28T06:46:20","slug":"aviso-legal","status":"publish","type":"page","link":"https:\/\/aventouralia.com\/en\/legal-advice\/","title":{"rendered":"Legal advice"},"content":{"rendered":"<section class=\"l-section wpb_row height_medium\"><div class=\"l-section-h i-cf\"><div class=\"g-cols vc_row via_flex valign_top type_default stacking_default\"><div class=\"vc_col-sm-12 wpb_column vc_column_container\"><div class=\"vc_column-inner\"><div class=\"wpb_wrapper\">[vc_custom_heading text=&#8221;Legal advice&#8221; font_container=&#8221;tag:h1|text_align:left&#8221; use_theme_fonts=&#8221;yes&#8221;]<div class=\"wpb_text_column\"><div class=\"wpb_wrapper\"><p>Para dar cumplimiento a lo establecido en la Ley 34\/2002 de 11 de Julio, de Servicios de la Sociedad de la Informaci\u00f3n y de Comercio Electr\u00f3nico (LSSICE), a continuaci\u00f3n se indican los datos de informaci\u00f3n general del sitio web aventouralia.com<\/p>\n<h2>1. Entidad<\/h2>\n<p><strong>AVENTOURALIA S.COOP.AND.<\/strong><br \/>\nCIF: F01637016<br \/>\nTlf: +34 608591184 \/\/\/ + 34 615890084 615890084<br \/>\nARRABAL SECTOR 33, 20C , LAS LAGUNAS DE MIJAS, 29651<br \/>\nREGISTRATION DATA<br \/>\nEmail: info@aventouralia.com<\/p>\n<h2>2. Utilizaci\u00f3n del Sitio Web<\/h2>\n<p>El sitio Web es ofrecido con fines promocionales, informando sobre los distintos servicios ofrecidos por AVENTOURALIA S.COOP.AND., empresa dedicada a prestar servicios de Alquiler de quads y Excursiones en quad guiadas<\/p>\n<p>AVENTOURALIA S.COOP.AND., podr\u00e1 dejar de prestar los servicios de informaci\u00f3n ofrecidos en este sitio Web sin mediar ninguna comunicaci\u00f3n con el usuario, lo que no acarrear\u00e1 ninguna obligaci\u00f3n legal para con el mismo o terceros.<\/p>\n<h2>3. Privacidad<\/h2>\n<p>La informaci\u00f3n que AVENTOURALIA S.COOP.AND. pueda recabar de los usuarios de este sitio web se utilizar\u00e1 exclusivamente para facilitar a los interesados que as\u00ed lo solicitaran informaci\u00f3n y\/o para contestar a cuantas consultas estimara oportunas el usuario.<\/p>\n<p>Para m\u00e1s informaci\u00f3n consulte nuestra Pol\u00edtica de Privacidad.<\/p>\n<h2>4. V\u00ednculos a Terceros<\/h2>\n<p>En el caso de v\u00ednculos a sitios de terceros, el usuario pasar\u00e1 a estar regido por los T\u00e9rminos de Uso y Pol\u00edtica de Privacidad del nuevo sitio, aceptando que AVENTOURALIA S.COOP.AND., no ser\u00e1 responsable ni tendr\u00e1 obligaci\u00f3n legal por el uso de tales sitios.<\/p>\n<h2>5. Propiedad intelectual<\/h2>\n<p>AVENTOURALIA S.COOP.AND., por s\u00ed mismo o como cesionario o licenciatario, es titular de todos los derechos de propiedad intelectual e industrial de los elementos que componen este sitio web, quedando as\u00ed todos los derechos reservados. Quedando expresamente prohibidas conductas como la reproducci\u00f3n, distribuci\u00f3n y comunicaci\u00f3n p\u00fablica, incluida su modalidad de puesta a disposici\u00f3n total o parcial de los contenidos de esta web para fines comerciales conforme a los art\u00edculos 8 y 21 de la Ley de Propiedad Intelectual.<\/p>\n<p>El usuario\/a de la web en todo caso puede visualizar los elementos y contenidos de esta web y podr\u00e1 imprimirlos, almacenarlos e incluso copiarlos en cualquier soporte, siempre que se destinen a uso estrictamente personal y de \u00e1mbito privado.<\/p>\n<h2>6. Condiciones de uso y responsabilidad<\/h2>\n<p>El usuario de la web de AVENTOURALIA S.COOP.AND. se compromete a hacer un uso acorde con la legalidad, la moral y el orden p\u00fablico de esta web.<\/p>\n<p>Que podemos concretar en siguientes comportamientos que el usuario deber\u00e1 abstenerse de realizar:<\/p>\n<p>Unauthorized use or fraudulent use of the website.<br \/>\nAttempting unauthorized access by its legitimate owner.<br \/>\nAny use of the web portal for illegal purposes, or harmful to third parties or with intent to harm the site and other users of the same.<br \/>\nProduce any damage to the systems that this website may have installed for its operation.<\/p>\n<p>The owner of AVENTOURALIA S.COOP.AND., shall only be responsible for those contents created and added by himself, not for links that may be incorporated by third parties, or those external links that redirect to another website, which of course he does not control their alteration.<br \/>\nThe owner reserves the right to make any alterations deemed necessary without prior notice, both to its contents and to the services it offers. Adem\u00e1s, se reserva el derecho de aprobar o retirar contenidos que no considere oportunos a\u00f1adidos por terceros.<\/p>\n<h2>7. Modificaciones de los T\u00e9rminos de Uso<\/h2>\n<p>AVENTOURALIA S.COOP.AND., se reserva el derecho de modificar sus t\u00e9rminos de uso y Pol\u00edtica de Privacidad cuando lo considere adecuado. El usuario se obliga a revisar el contenido de estos t\u00e9rminos de uso, ya que los mismos pueden ser modificados sin previo aviso. Asimismo, comprende y acepta todas y cada una de las cl\u00e1usulas contenidas en el presente documento. Es de la entera responsabilidad del usuario revisar los t\u00e9rminos antes mencionados.<\/p>\n<h2>8. Ley aplicable y jurisdicci\u00f3n<\/h2>\n<p>La ley aplicable en caso de disputa o conflicto de interpretaci\u00f3n de los t\u00e9rminos que conforman este Aviso Legal, as\u00ed como cualquier cuesti\u00f3n relacionada con los servicios del presente Portal, ser\u00e1 la ley espa\u00f1ola.<br \/>\nPara la resoluci\u00f3n de cualquier conflicto que pueda surgir con ocasi\u00f3n de la visita al Portal o del uso de los contenidos que en \u00e9l se puedan publicar, \u00e9stos se dirimir\u00e1n en los Juzgados y Tribunales que correspondan.<\/p>\n<\/div><\/div><\/div><\/div><\/div><\/div><\/div><\/section>\n","protected":false},"excerpt":{"rendered":"[vc_custom_heading text=\"Legal advice\" font_container=\"tag:h1|text_align:left\" use_theme_fonts=\"yes\"]Para dar cumplimiento a lo establecido en la Ley 34\/2002 de 11 de Julio, de Servicios de la Sociedad de la Informaci\u00f3n y de Comercio Electr\u00f3nico (LSSICE), a continuaci\u00f3n se indican los datos de informaci\u00f3n general del sitio web aventouralia.com 1. Entidad AVENTOURALIA S.COOP.AND. CIF: F01637016 Tlf: +34 608591184 \/\/\/ +...","protected":false},"author":1,"featured_media":0,"parent":0,"menu_order":0,"comment_status":"closed","ping_status":"open","template":"","meta":{"_acf_changed":false,"footnotes":""},"class_list":["post-5591","page","type-page","status-publish","hentry"],"acf":[],"yoast_head":"<!-- This site is optimized with the Yoast SEO plugin v27.4 - https:\/\/yoast.com\/product\/yoast-seo-wordpress\/ -->\n<title>Legal advice - Excursiones en Quad y Alquiler de Quads en M\u00e1laga<\/title>\n<meta name=\"robots\" content=\"noindex, follow\" \/>\n<meta property=\"og:locale\" content=\"en_US\" \/>\n<meta property=\"og:type\" content=\"article\" \/>\n<meta property=\"og:title\" content=\"Legal advice - Excursiones en Quad y Alquiler de Quads en M\u00e1laga\" \/>\n<meta property=\"og:url\" content=\"https:\/\/aventouralia.com\/en\/legal-advice\/\" \/>\n<meta property=\"og:site_name\" content=\"Excursiones en Quad y Alquiler de Quads en M\u00e1laga\" \/>\n<meta property=\"article:publisher\" content=\"https:\/\/www.facebook.com\/people\/AvenTouralia\/100063686643527\/\" \/>\n<meta property=\"article:modified_time\" content=\"2025-07-28T06:46:20+00:00\" \/>\n<meta name=\"twitter:card\" content=\"summary_large_image\" \/>\n<meta name=\"twitter:label1\" content=\"Est. reading time\" \/>\n\t<meta name=\"twitter:data1\" content=\"4 minutes\" \/>\n<script type=\"application\/ld+json\" class=\"yoast-schema-graph\">{\"@context\":\"https:\\\/\\\/schema.org\",\"@graph\":[{\"@type\":\"WebPage\",\"@id\":\"https:\\\/\\\/aventouralia.com\\\/en\\\/legal-advice\\\/\",\"url\":\"https:\\\/\\\/aventouralia.com\\\/en\\\/legal-advice\\\/\",\"name\":\"Legal advice - Excursiones en Quad y Alquiler de Quads en M\u00e1laga\",\"isPartOf\":{\"@id\":\"https:\\\/\\\/aventouralia.com\\\/en\\\/#website\"},\"datePublished\":\"2022-09-30T11:44:00+00:00\",\"dateModified\":\"2025-07-28T06:46:20+00:00\",\"breadcrumb\":{\"@id\":\"https:\\\/\\\/aventouralia.com\\\/en\\\/legal-advice\\\/#breadcrumb\"},\"inLanguage\":\"en-US\",\"potentialAction\":[{\"@type\":\"ReadAction\",\"target\":[\"https:\\\/\\\/aventouralia.com\\\/en\\\/legal-advice\\\/\"]}]},{\"@type\":\"BreadcrumbList\",\"@id\":\"https:\\\/\\\/aventouralia.com\\\/en\\\/legal-advice\\\/#breadcrumb\",\"itemListElement\":[{\"@type\":\"ListItem\",\"position\":1,\"name\":\"Portada\",\"item\":\"https:\\\/\\\/aventouralia.com\\\/en\\\/\"},{\"@type\":\"ListItem\",\"position\":2,\"name\":\"Legal advice\"}]},{\"@type\":\"WebSite\",\"@id\":\"https:\\\/\\\/aventouralia.com\\\/en\\\/#website\",\"url\":\"https:\\\/\\\/aventouralia.com\\\/en\\\/\",\"name\":\"Excursiones en Quad y Alquiler de Quads en M\u00e1laga\",\"description\":\"\",\"publisher\":{\"@id\":\"https:\\\/\\\/aventouralia.com\\\/en\\\/#organization\"},\"potentialAction\":[{\"@type\":\"SearchAction\",\"target\":{\"@type\":\"EntryPoint\",\"urlTemplate\":\"https:\\\/\\\/aventouralia.com\\\/en\\\/?s={search_term_string}\"},\"query-input\":{\"@type\":\"PropertyValueSpecification\",\"valueRequired\":true,\"valueName\":\"search_term_string\"}}],\"inLanguage\":\"en-US\"},{\"@type\":\"Organization\",\"@id\":\"https:\\\/\\\/aventouralia.com\\\/en\\\/#organization\",\"name\":\"Excursiones en Quad y Alquiler de Quads en M\u00e1laga\",\"url\":\"https:\\\/\\\/aventouralia.com\\\/en\\\/\",\"logo\":{\"@type\":\"ImageObject\",\"inLanguage\":\"en-US\",\"@id\":\"https:\\\/\\\/aventouralia.com\\\/en\\\/#\\\/schema\\\/logo\\\/image\\\/\",\"url\":\"https:\\\/\\\/aventouralia.com\\\/wp-content\\\/uploads\\\/2023\\\/09\\\/Aventouralia-favicom.jpg\",\"contentUrl\":\"https:\\\/\\\/aventouralia.com\\\/wp-content\\\/uploads\\\/2023\\\/09\\\/Aventouralia-favicom.jpg\",\"width\":512,\"height\":512,\"caption\":\"Excursiones en Quad y Alquiler de Quads en M\u00e1laga\"},\"image\":{\"@id\":\"https:\\\/\\\/aventouralia.com\\\/en\\\/#\\\/schema\\\/logo\\\/image\\\/\"},\"sameAs\":[\"https:\\\/\\\/www.facebook.com\\\/people\\\/AvenTouralia\\\/100063686643527\\\/\",\"https:\\\/\\\/www.instagram.com\\\/aventouralia_\\\/\",\"https:\\\/\\\/www.youtube.com\\\/@aventouraliaquads8269\"]}]}<\/script>\n<!-- \/ Yoast SEO plugin. -->","yoast_head_json":{"title":"Legal advice - Excursiones en Quad y Alquiler de Quads en M\u00e1laga","robots":{"index":"noindex","follow":"follow"},"og_locale":"en_US","og_type":"article","og_title":"Legal advice - Excursiones en Quad y Alquiler de Quads en M\u00e1laga","og_url":"https:\/\/aventouralia.com\/en\/legal-advice\/","og_site_name":"Excursiones en Quad y Alquiler de Quads en M\u00e1laga","article_publisher":"https:\/\/www.facebook.com\/people\/AvenTouralia\/100063686643527\/","article_modified_time":"2025-07-28T06:46:20+00:00","twitter_card":"summary_large_image","twitter_misc":{"Est. reading time":"4 minutes"},"schema":{"@context":"https:\/\/schema.org","@graph":[{"@type":"WebPage","@id":"https:\/\/aventouralia.com\/en\/legal-advice\/","url":"https:\/\/aventouralia.com\/en\/legal-advice\/","name":"Legal advice - Excursiones en Quad y Alquiler de Quads en M\u00e1laga","isPartOf":{"@id":"https:\/\/aventouralia.com\/en\/#website"},"datePublished":"2022-09-30T11:44:00+00:00","dateModified":"2025-07-28T06:46:20+00:00","breadcrumb":{"@id":"https:\/\/aventouralia.com\/en\/legal-advice\/#breadcrumb"},"inLanguage":"en-US","potentialAction":[{"@type":"ReadAction","target":["https:\/\/aventouralia.com\/en\/legal-advice\/"]}]},{"@type":"BreadcrumbList","@id":"https:\/\/aventouralia.com\/en\/legal-advice\/#breadcrumb","itemListElement":[{"@type":"ListItem","position":1,"name":"Portada","item":"https:\/\/aventouralia.com\/en\/"},{"@type":"ListItem","position":2,"name":"Legal advice"}]},{"@type":"WebSite","@id":"https:\/\/aventouralia.com\/en\/#website","url":"https:\/\/aventouralia.com\/en\/","name":"Excursiones en Quad y Alquiler de Quads en M\u00e1laga","description":"","publisher":{"@id":"https:\/\/aventouralia.com\/en\/#organization"},"potentialAction":[{"@type":"SearchAction","target":{"@type":"EntryPoint","urlTemplate":"https:\/\/aventouralia.com\/en\/?s={search_term_string}"},"query-input":{"@type":"PropertyValueSpecification","valueRequired":true,"valueName":"search_term_string"}}],"inLanguage":"en-US"},{"@type":"Organization","@id":"https:\/\/aventouralia.com\/en\/#organization","name":"Excursiones en Quad y Alquiler de Quads en M\u00e1laga","url":"https:\/\/aventouralia.com\/en\/","logo":{"@type":"ImageObject","inLanguage":"en-US","@id":"https:\/\/aventouralia.com\/en\/#\/schema\/logo\/image\/","url":"https:\/\/aventouralia.com\/wp-content\/uploads\/2023\/09\/Aventouralia-favicom.jpg","contentUrl":"https:\/\/aventouralia.com\/wp-content\/uploads\/2023\/09\/Aventouralia-favicom.jpg","width":512,"height":512,"caption":"Excursiones en Quad y Alquiler de Quads en M\u00e1laga"},"image":{"@id":"https:\/\/aventouralia.com\/en\/#\/schema\/logo\/image\/"},"sameAs":["https:\/\/www.facebook.com\/people\/AvenTouralia\/100063686643527\/","https:\/\/www.instagram.com\/aventouralia_\/","https:\/\/www.youtube.com\/@aventouraliaquads8269"]}]}},"_links":{"self":[{"href":"https:\/\/aventouralia.com\/en\/wp-json\/wp\/v2\/pages\/5591","targetHints":{"allow":["GET"]}}],"collection":[{"href":"https:\/\/aventouralia.com\/en\/wp-json\/wp\/v2\/pages"}],"about":[{"href":"https:\/\/aventouralia.com\/en\/wp-json\/wp\/v2\/types\/page"}],"author":[{"embeddable":true,"href":"https:\/\/aventouralia.com\/en\/wp-json\/wp\/v2\/users\/1"}],"replies":[{"embeddable":true,"href":"https:\/\/aventouralia.com\/en\/wp-json\/wp\/v2\/comments?post=5591"}],"version-history":[{"count":17,"href":"https:\/\/aventouralia.com\/en\/wp-json\/wp\/v2\/pages\/5591\/revisions"}],"predecessor-version":[{"id":11542,"href":"https:\/\/aventouralia.com\/en\/wp-json\/wp\/v2\/pages\/5591\/revisions\/11542"}],"wp:attachment":[{"href":"https:\/\/aventouralia.com\/en\/wp-json\/wp\/v2\/media?parent=5591"}],"curies":[{"name":"wp","href":"https:\/\/api.w.org\/{rel}","templated":true}]}}