{"id":7513,"date":"2022-09-30T13:44:00","date_gmt":"2022-09-30T11:44:00","guid":{"rendered":"https:\/\/aventouralia.com\/avis-juridique\/"},"modified":"2024-05-10T12:32:11","modified_gmt":"2024-05-10T10:32:11","slug":"avis-juridique","status":"publish","type":"page","link":"https:\/\/aventouralia.com\/fr\/avis-juridique\/","title":{"rendered":"Avis juridique"},"content":{"rendered":"<section class=\"l-section wpb_row height_medium\"><div class=\"l-section-h i-cf\"><div class=\"g-cols vc_row via_flex valign_top type_default stacking_default\"><div class=\"vc_col-sm-12 wpb_column vc_column_container\"><div class=\"vc_column-inner\"><div class=\"wpb_wrapper\">[vc_custom_heading text=\u00a0\u00bbAvis juridique\u00a0\u00bb font_container=\u00a0\u00bbtag:h1|text_align:left\u00a0\u00bb use_theme_fonts=\u00a0\u00bbyes\u00a0\u00bb]<div class=\"wpb_text_column\"><div class=\"wpb_wrapper\"><p>Conform\u00e9ment aux dispositions de la loi 34\/2002 du 11 juillet 2002 sur les services de la soci\u00e9t\u00e9 de l&rsquo;information et le commerce \u00e9lectronique (LSSICE), vous trouverez ci-dessous les informations g\u00e9n\u00e9rales sur le site aventouralia.com.<\/p>\n<h2>1. Entit\u00e9<\/h2>\n<p><strong>AVENTOURALIA S.COOP.ET.<\/strong><br \/>\nNUM\u00c9RO DE TVA : F01637016<br \/>\nTlf : +34 608591184 \/\/\/ + 34 615890084<br \/>\nARRABAL SECTOR 33, 20C , LAS LAGUNAS DE MIJAS, 29651<br \/>\nDONN\u00c9ES D&rsquo;ENREGISTREMENT<br \/>\nCourriel : info@aventouralia.com<\/p>\n<h2>2. Utilisation du site web<\/h2>\n<p>Le site web est propos\u00e9 \u00e0 des fins promotionnelles, informant sur les diff\u00e9rents services offerts par AVENTOURALIA S.COOP.AND., une entreprise d\u00e9di\u00e9e \u00e0 la fourniture de services de location de quad et d&rsquo;excursions guid\u00e9es en quad.<\/p>\n<p>AVENTOURALIA S.COOP.AND. peut cesser de fournir les services d&rsquo;information offerts sur ce site web sans aucune communication avec l&rsquo;utilisateur, ce qui n&rsquo;entra\u00eenera aucune obligation l\u00e9gale pour ce dernier ou pour des tiers.<\/p>\n<h2>3. Respect de la vie priv\u00e9e<\/h2>\n<p>Les informations que AVENTOURALIA S.COOP.AND. peuvent recueillir aupr\u00e8s des utilisateurs de ce site web seront utilis\u00e9s exclusivement pour fournir aux int\u00e9ress\u00e9s qui en font la demande des informations et\/ou pour r\u00e9pondre \u00e0 toute question jug\u00e9e opportune par l&rsquo;utilisateur.<\/p>\n<p>Pour plus d&rsquo;informations, veuillez consulter notre politique de confidentialit\u00e9.<\/p>\n<h2>4. Liens avec des tiers<\/h2>\n<p>Dans le cas de liens vers des sites tiers, l&rsquo;utilisateur sera r\u00e9gi par les conditions d&rsquo;utilisation et la politique de confidentialit\u00e9 du nouveau site, en acceptant qu&rsquo;AVENTOURALIA S.COOP.AND. ne soit pas responsable de l&rsquo;utilisation de ces sites.<\/p>\n<h2>5. Propri\u00e9t\u00e9 intellectuelle<\/h2>\n<p>AVENTOURALIA S.COOP.AND. est titulaire, en son nom propre ou en tant que cessionnaire ou licenci\u00e9, de tous les droits de propri\u00e9t\u00e9 intellectuelle et industrielle des \u00e9l\u00e9ments qui composent ce site web, et tous les droits sont r\u00e9serv\u00e9s. La reproduction, la distribution et la communication publique, y compris la mise \u00e0 disposition de tout ou partie du contenu de ce site Web \u00e0 des fins commerciales, sont express\u00e9ment interdites, conform\u00e9ment aux articles 8 et 21 de la loi sur la propri\u00e9t\u00e9 intellectuelle.<\/p>\n<p>L&rsquo;utilisateur du site web peut en tout \u00e9tat de cause visualiser les \u00e9l\u00e9ments et contenus de ce site web et peut les imprimer, les stocker et m\u00eame les copier sur tout support, \u00e0 condition que ce soit pour un usage strictement personnel et priv\u00e9.<\/p>\n<h2>6. Conditions d&rsquo;utilisation et de responsabilit\u00e9<\/h2>\n<p>L&rsquo;utilisateur du site web d&rsquo;AVENTOURALIA S.COOP.AND. s&rsquo;engage \u00e0 utiliser ce site conform\u00e9ment \u00e0 la loi, \u00e0 la morale et \u00e0 l&rsquo;ordre public.<\/p>\n<p>En r\u00e9sum\u00e9, l&rsquo;utilisateur doit s&rsquo;abstenir d&rsquo;adopter les comportements suivants :<\/p>\n<p>Utilisation non autoris\u00e9e ou frauduleuse du site web.<br \/>\nTentative d&rsquo;acc\u00e8s non autoris\u00e9 par son propri\u00e9taire l\u00e9gitime.<br \/>\nToute utilisation du portail web \u00e0 des fins illicites ou pr\u00e9judiciables \u00e0 des tiers ou dans l&rsquo;intention de nuire au site et au reste des utilisateurs de celui-ci.<br \/>\ncauser des dommages aux syst\u00e8mes que ce site web peut avoir install\u00e9s pour son fonctionnement.<\/p>\n<p>Le propri\u00e9taire d&rsquo;AVENTOURALIA S.COOP.AND. ne sera responsable que des contenus cr\u00e9\u00e9s et ajout\u00e9s par lui-m\u00eame, et non des liens qui pourraient incorporer des tiers, ou des liens externes qui redirigent vers un autre site web qui, bien entendu, ne contr\u00f4le pas son alt\u00e9ration.<br \/>\nLe propri\u00e9taire se r\u00e9serve le droit d&rsquo;apporter sans pr\u00e9avis les modifications qu&rsquo;il juge opportunes, tant au niveau du contenu qu&rsquo;\u00e0 celui des services qu&rsquo;il propose. En outre, elle se r\u00e9serve le droit d&rsquo;approuver ou de supprimer les contenus ajout\u00e9s par des tiers qu&rsquo;elle juge inappropri\u00e9s.<\/p>\n<h2>7. Modifications des conditions d&rsquo;utilisation<\/h2>\n<p>AVENTOURALIA S.COOP.AND. se r\u00e9serve le droit de modifier ses conditions d&rsquo;utilisation et sa politique de confidentialit\u00e9 lorsqu&rsquo;elle le juge opportun. L&rsquo;utilisateur est tenu de v\u00e9rifier le contenu de ces conditions d&rsquo;utilisation, car elles peuvent \u00eatre modifi\u00e9es sans pr\u00e9avis. Vous comprenez et acceptez \u00e9galement chacune des clauses contenues dans les pr\u00e9sentes conditions d&rsquo;utilisation. Il est de la seule responsabilit\u00e9 de l&rsquo;utilisateur de revoir les conditions susmentionn\u00e9es.<\/p>\n<h2>8. Droit applicable et juridiction<\/h2>\n<p>La loi applicable en cas de litige ou de conflit d&rsquo;interpr\u00e9tation des termes qui composent le pr\u00e9sent avis juridique, ainsi que toute question li\u00e9e aux services de ce portail, sera la loi espagnole.<br \/>\nPour la r\u00e9solution de tout conflit pouvant d\u00e9couler de la visite du portail ou de l&rsquo;utilisation des contenus qui peuvent y \u00eatre publi\u00e9s, il convient de s&rsquo;adresser aux tribunaux comp\u00e9tents.<\/p>\n<\/div><\/div><\/div><\/div><\/div><\/div><\/div><\/section>\n","protected":false},"excerpt":{"rendered":"[vc_custom_heading text=\"Avis juridique\" font_container=\"tag:h1|text_align:left\" use_theme_fonts=\"yes\"]Conform\u00e9ment aux dispositions de la loi 34\/2002 du 11 juillet 2002 sur les services de la soci\u00e9t\u00e9 de l&rsquo;information et le commerce \u00e9lectronique (LSSICE), vous trouverez ci-dessous les informations g\u00e9n\u00e9rales sur le site aventouralia.com. 1. Entit\u00e9 AVENTOURALIA S.COOP.ET. NUM\u00c9RO DE TVA : F01637016 Tlf : +34 608591184 \/\/\/ + 34 615890084...","protected":false},"author":1,"featured_media":0,"parent":0,"menu_order":0,"comment_status":"closed","ping_status":"open","template":"","meta":{"_acf_changed":false,"footnotes":""},"class_list":["post-7513","page","type-page","status-publish","hentry"],"acf":[],"yoast_head":"<!-- This site is optimized with the Yoast SEO plugin v27.4 - https:\/\/yoast.com\/product\/yoast-seo-wordpress\/ -->\n<title>Avis juridique - Excursiones en Quad y Alquiler de Quads en M\u00e1laga<\/title>\n<meta name=\"robots\" content=\"noindex, follow\" \/>\n<meta property=\"og:locale\" content=\"fr_FR\" \/>\n<meta property=\"og:type\" content=\"article\" \/>\n<meta property=\"og:title\" content=\"Avis juridique - Excursiones en Quad y Alquiler de Quads en M\u00e1laga\" \/>\n<meta property=\"og:url\" content=\"https:\/\/aventouralia.com\/fr\/avis-juridique\/\" \/>\n<meta property=\"og:site_name\" content=\"Excursiones en Quad y Alquiler de Quads en M\u00e1laga\" \/>\n<meta property=\"article:publisher\" content=\"https:\/\/www.facebook.com\/people\/AvenTouralia\/100063686643527\/\" \/>\n<meta property=\"article:modified_time\" content=\"2024-05-10T10:32:11+00:00\" \/>\n<meta name=\"twitter:card\" content=\"summary_large_image\" \/>\n<meta name=\"twitter:label1\" content=\"Dur\u00e9e de lecture estim\u00e9e\" \/>\n\t<meta name=\"twitter:data1\" content=\"4 minutes\" \/>\n<script type=\"application\/ld+json\" class=\"yoast-schema-graph\">{\"@context\":\"https:\\\/\\\/schema.org\",\"@graph\":[{\"@type\":\"WebPage\",\"@id\":\"https:\\\/\\\/aventouralia.com\\\/fr\\\/avis-juridique\\\/\",\"url\":\"https:\\\/\\\/aventouralia.com\\\/fr\\\/avis-juridique\\\/\",\"name\":\"Avis juridique - Excursiones en Quad y Alquiler de Quads en M\u00e1laga\",\"isPartOf\":{\"@id\":\"https:\\\/\\\/aventouralia.com\\\/fr\\\/#website\"},\"datePublished\":\"2022-09-30T11:44:00+00:00\",\"dateModified\":\"2024-05-10T10:32:11+00:00\",\"breadcrumb\":{\"@id\":\"https:\\\/\\\/aventouralia.com\\\/fr\\\/avis-juridique\\\/#breadcrumb\"},\"inLanguage\":\"fr-FR\",\"potentialAction\":[{\"@type\":\"ReadAction\",\"target\":[\"https:\\\/\\\/aventouralia.com\\\/fr\\\/avis-juridique\\\/\"]}]},{\"@type\":\"BreadcrumbList\",\"@id\":\"https:\\\/\\\/aventouralia.com\\\/fr\\\/avis-juridique\\\/#breadcrumb\",\"itemListElement\":[{\"@type\":\"ListItem\",\"position\":1,\"name\":\"Portada\",\"item\":\"https:\\\/\\\/aventouralia.com\\\/fr\\\/\"},{\"@type\":\"ListItem\",\"position\":2,\"name\":\"Avis juridique\"}]},{\"@type\":\"WebSite\",\"@id\":\"https:\\\/\\\/aventouralia.com\\\/fr\\\/#website\",\"url\":\"https:\\\/\\\/aventouralia.com\\\/fr\\\/\",\"name\":\"Excursiones en Quad y Alquiler de Quads en M\u00e1laga\",\"description\":\"\",\"publisher\":{\"@id\":\"https:\\\/\\\/aventouralia.com\\\/fr\\\/#organization\"},\"potentialAction\":[{\"@type\":\"SearchAction\",\"target\":{\"@type\":\"EntryPoint\",\"urlTemplate\":\"https:\\\/\\\/aventouralia.com\\\/fr\\\/?s={search_term_string}\"},\"query-input\":{\"@type\":\"PropertyValueSpecification\",\"valueRequired\":true,\"valueName\":\"search_term_string\"}}],\"inLanguage\":\"fr-FR\"},{\"@type\":\"Organization\",\"@id\":\"https:\\\/\\\/aventouralia.com\\\/fr\\\/#organization\",\"name\":\"Excursiones en Quad y Alquiler de Quads en M\u00e1laga\",\"url\":\"https:\\\/\\\/aventouralia.com\\\/fr\\\/\",\"logo\":{\"@type\":\"ImageObject\",\"inLanguage\":\"fr-FR\",\"@id\":\"https:\\\/\\\/aventouralia.com\\\/fr\\\/#\\\/schema\\\/logo\\\/image\\\/\",\"url\":\"https:\\\/\\\/aventouralia.com\\\/wp-content\\\/uploads\\\/2023\\\/09\\\/Aventouralia-favicom.jpg\",\"contentUrl\":\"https:\\\/\\\/aventouralia.com\\\/wp-content\\\/uploads\\\/2023\\\/09\\\/Aventouralia-favicom.jpg\",\"width\":512,\"height\":512,\"caption\":\"Excursiones en Quad y Alquiler de Quads en M\u00e1laga\"},\"image\":{\"@id\":\"https:\\\/\\\/aventouralia.com\\\/fr\\\/#\\\/schema\\\/logo\\\/image\\\/\"},\"sameAs\":[\"https:\\\/\\\/www.facebook.com\\\/people\\\/AvenTouralia\\\/100063686643527\\\/\",\"https:\\\/\\\/www.instagram.com\\\/aventouralia_\\\/\",\"https:\\\/\\\/www.youtube.com\\\/@aventouraliaquads8269\"]}]}<\/script>\n<!-- \/ Yoast SEO plugin. -->","yoast_head_json":{"title":"Avis juridique - Excursiones en Quad y Alquiler de Quads en M\u00e1laga","robots":{"index":"noindex","follow":"follow"},"og_locale":"fr_FR","og_type":"article","og_title":"Avis juridique - Excursiones en Quad y Alquiler de Quads en M\u00e1laga","og_url":"https:\/\/aventouralia.com\/fr\/avis-juridique\/","og_site_name":"Excursiones en Quad y Alquiler de Quads en M\u00e1laga","article_publisher":"https:\/\/www.facebook.com\/people\/AvenTouralia\/100063686643527\/","article_modified_time":"2024-05-10T10:32:11+00:00","twitter_card":"summary_large_image","twitter_misc":{"Dur\u00e9e de lecture estim\u00e9e":"4 minutes"},"schema":{"@context":"https:\/\/schema.org","@graph":[{"@type":"WebPage","@id":"https:\/\/aventouralia.com\/fr\/avis-juridique\/","url":"https:\/\/aventouralia.com\/fr\/avis-juridique\/","name":"Avis juridique - Excursiones en Quad y Alquiler de Quads en M\u00e1laga","isPartOf":{"@id":"https:\/\/aventouralia.com\/fr\/#website"},"datePublished":"2022-09-30T11:44:00+00:00","dateModified":"2024-05-10T10:32:11+00:00","breadcrumb":{"@id":"https:\/\/aventouralia.com\/fr\/avis-juridique\/#breadcrumb"},"inLanguage":"fr-FR","potentialAction":[{"@type":"ReadAction","target":["https:\/\/aventouralia.com\/fr\/avis-juridique\/"]}]},{"@type":"BreadcrumbList","@id":"https:\/\/aventouralia.com\/fr\/avis-juridique\/#breadcrumb","itemListElement":[{"@type":"ListItem","position":1,"name":"Portada","item":"https:\/\/aventouralia.com\/fr\/"},{"@type":"ListItem","position":2,"name":"Avis juridique"}]},{"@type":"WebSite","@id":"https:\/\/aventouralia.com\/fr\/#website","url":"https:\/\/aventouralia.com\/fr\/","name":"Excursiones en Quad y Alquiler de Quads en M\u00e1laga","description":"","publisher":{"@id":"https:\/\/aventouralia.com\/fr\/#organization"},"potentialAction":[{"@type":"SearchAction","target":{"@type":"EntryPoint","urlTemplate":"https:\/\/aventouralia.com\/fr\/?s={search_term_string}"},"query-input":{"@type":"PropertyValueSpecification","valueRequired":true,"valueName":"search_term_string"}}],"inLanguage":"fr-FR"},{"@type":"Organization","@id":"https:\/\/aventouralia.com\/fr\/#organization","name":"Excursiones en Quad y Alquiler de Quads en M\u00e1laga","url":"https:\/\/aventouralia.com\/fr\/","logo":{"@type":"ImageObject","inLanguage":"fr-FR","@id":"https:\/\/aventouralia.com\/fr\/#\/schema\/logo\/image\/","url":"https:\/\/aventouralia.com\/wp-content\/uploads\/2023\/09\/Aventouralia-favicom.jpg","contentUrl":"https:\/\/aventouralia.com\/wp-content\/uploads\/2023\/09\/Aventouralia-favicom.jpg","width":512,"height":512,"caption":"Excursiones en Quad y Alquiler de Quads en M\u00e1laga"},"image":{"@id":"https:\/\/aventouralia.com\/fr\/#\/schema\/logo\/image\/"},"sameAs":["https:\/\/www.facebook.com\/people\/AvenTouralia\/100063686643527\/","https:\/\/www.instagram.com\/aventouralia_\/","https:\/\/www.youtube.com\/@aventouraliaquads8269"]}]}},"_links":{"self":[{"href":"https:\/\/aventouralia.com\/fr\/wp-json\/wp\/v2\/pages\/7513","targetHints":{"allow":["GET"]}}],"collection":[{"href":"https:\/\/aventouralia.com\/fr\/wp-json\/wp\/v2\/pages"}],"about":[{"href":"https:\/\/aventouralia.com\/fr\/wp-json\/wp\/v2\/types\/page"}],"author":[{"embeddable":true,"href":"https:\/\/aventouralia.com\/fr\/wp-json\/wp\/v2\/users\/1"}],"replies":[{"embeddable":true,"href":"https:\/\/aventouralia.com\/fr\/wp-json\/wp\/v2\/comments?post=7513"}],"version-history":[{"count":5,"href":"https:\/\/aventouralia.com\/fr\/wp-json\/wp\/v2\/pages\/7513\/revisions"}],"predecessor-version":[{"id":7604,"href":"https:\/\/aventouralia.com\/fr\/wp-json\/wp\/v2\/pages\/7513\/revisions\/7604"}],"wp:attachment":[{"href":"https:\/\/aventouralia.com\/fr\/wp-json\/wp\/v2\/media?parent=7513"}],"curies":[{"name":"wp","href":"https:\/\/api.w.org\/{rel}","templated":true}]}}