{"id":7649,"date":"2023-08-02T12:00:12","date_gmt":"2023-08-02T10:00:12","guid":{"rendered":"https:\/\/aventouralia.com\/nous\/"},"modified":"2025-05-27T19:03:47","modified_gmt":"2025-05-27T17:03:47","slug":"nous","status":"publish","type":"page","link":"https:\/\/aventouralia.com\/fr\/nous\/","title":{"rendered":"Nous"},"content":{"rendered":"<section class=\"l-section wpb_row us_custom_2a9844e4 height_large\"><div class=\"l-section-overlay\" style=\"background:rgba(40,68,30,0.55)\"><\/div><div class=\"l-section-h i-cf\"><div class=\"g-cols vc_row via_flex valign_top type_default stacking_default\"><div class=\"vc_col-sm-12 wpb_column vc_column_container\"><div class=\"vc_column-inner\"><div class=\"wpb_wrapper\">[vc_custom_heading text=\u00a0\u00bb\u00c0 propos d&rsquo;Aventouralia\u00a0\u00bb font_container=\u00a0\u00bbtag:h1|text_align:center\u00a0\u00bb use_theme_fonts=\u00a0\u00bbyes\u00a0\u00bb css=\u00a0\u00bb%7B%22default%22%3A%7B%22color%22%3A%22_header_middle_text%22%7D%7D\u00a0\u00bb]<\/div><\/div><\/div><\/div><\/div><\/section><section class=\"l-section wpb_row us_custom_b021466a has_text_color height_medium with_shape\"><div class=\"l-section-shape type_curve pos_bottom\" style=\"height:8vmin;\"><svg xmlns=\"http:\/\/www.w3.org\/2000\/svg\" viewBox=\"0 0 64 8\" preserveAspectRatio=\"none\" width=\"100%\" height=\"100%\">\r\n\t<path fill=\"currentColor\" d=\"M64 8 L64 0 Q32 15.8 0 0 L0 8 Z\"\/>\r\n<\/svg><\/div><div class=\"l-section-h i-cf\"><div class=\"g-cols vc_row via_flex valign_top type_default stacking_default\"><div class=\"vc_col-sm-12 wpb_column vc_column_container\"><div class=\"vc_column-inner\"><div class=\"wpb_wrapper\"><div class=\"wpb_text_column\"><div class=\"wpb_wrapper\"><h2>La philosophie d&rsquo;<span class=\"script\">Aventouralia<\/span><\/h2>\n<\/div><\/div><div class=\"wpb_text_column us_custom_4e1ed02b\"><div class=\"wpb_wrapper\"><p>Notre philosophie en tant qu&rsquo;entreprise est d&rsquo;apprendre \u00e0 conna\u00eetre la nature, toujours avec le plus grand respect et la plus grande attention, et de repartir avec de bons souvenirs pour la vie. Nous nous effor\u00e7ons de faire en sorte que tous nos clients vivent une exp\u00e9rience inoubliable et apprennent \u00e0 conna\u00eetre la Costa del Sol d&rsquo;une mani\u00e8re unique et amusante.<\/p>\n<\/div><\/div><\/div><\/div><\/div><\/div><\/div><\/section><section class=\"l-section wpb_row us_custom_07819cdf height_medium full_height valign_center\"><div class=\"l-section-h i-cf\"><div class=\"g-cols vc_row via_flex valign_middle type_default stacking_default\"><div class=\"vc_col-sm-6 wpb_column vc_column_container\"><div class=\"vc_column-inner\"><div class=\"wpb_wrapper\"><div class=\"w-image us_custom_ee48cb5f has_ratio align_center\"><div url class=\"w-image-h\"><div style=\"padding-bottom:66.6667%\"><\/div><img loading=\"lazy\" decoding=\"async\" width=\"683\" height=\"1024\" src=\"https:\/\/aventouralia.com\/wp-content\/uploads\/2025\/05\/DSC03964-683x1024.jpg\" class=\"attachment-large size-large\" alt=\"\" srcset=\"https:\/\/aventouralia.com\/wp-content\/uploads\/2025\/05\/DSC03964-683x1024.jpg 683w, https:\/\/aventouralia.com\/wp-content\/uploads\/2025\/05\/DSC03964-200x300.jpg 200w, https:\/\/aventouralia.com\/wp-content\/uploads\/2025\/05\/DSC03964-500x750.jpg 500w, https:\/\/aventouralia.com\/wp-content\/uploads\/2025\/05\/DSC03964-scaled.jpg 1280w\" sizes=\"auto, (max-width: 683px) 100vw, 683px\" \/><\/div><\/div><\/div><\/div><\/div><div class=\"vc_col-sm-6 wpb_column vc_column_container\"><div class=\"vc_column-inner\"><div class=\"wpb_wrapper\"><div class=\"wpb_text_column us_custom_72fc42ef\"><div class=\"wpb_wrapper\"><h2><span class=\"script\">Nos <\/span>objectifs<\/h2>\n<\/div><\/div><div class=\"wpb_text_column us_custom_18ed7302\"><div class=\"wpb_wrapper\"><p>Nos objectifs sont clairs : nous am\u00e9liorer jour apr\u00e8s jour en tant qu&rsquo;entreprise, ne jamais prendre de retard et, bien s\u00fbr, devenir les meilleurs en mati\u00e8re d&rsquo;activit\u00e9s touristiques actives sur la Costa del Sol.<\/p>\n<p><em>\u00ab\u00a0Nous essayons de faire en sorte que tous nos clients vivent une exp\u00e9rience inoubliable et apprennent \u00e0 conna\u00eetre la Costa del Sol d&rsquo;une mani\u00e8re unique et amusante\u00a0\u00bb.<\/em><\/p>\n<\/div><\/div><\/div><\/div><\/div><\/div><\/div><\/section><section class=\"l-section wpb_row us_custom_3ee9d305 bg-curve has_text_color height_medium\"><div class=\"l-section-h i-cf\"><div class=\"g-cols vc_row via_flex valign_middle type_default stacking_default\"><div class=\"vc_col-sm-12 wpb_column vc_column_container\"><div class=\"vc_column-inner\"><div class=\"wpb_wrapper\"><div class=\"w-hwrapper valign_middle wrap align_center\" style=\"--hwrapper-gap:3rem\"><div class=\"w-vwrapper align_left valign_top\" style=\"--vwrapper-gap:0rem\"><div class=\"wpb_text_column us_custom_6df4bc3a has_text_color\"><div class=\"wpb_wrapper\"><h2>Pr\u00e9f\u00e9rez-vous recevoir<br \/>\n<span class=\"script white\">des informations ?<\/span><\/h2>\n<\/div><\/div><div class=\"wpb_text_column us_custom_cf362e21\"><div class=\"wpb_wrapper\"><p>\u00c9crivez-nous pour nous faire part de vos doutes et\/ou de vos questions, nous serons heureux de vous r\u00e9pondre.<\/p>\n<\/div><\/div><\/div><div class=\"w-btn-wrapper align_right\"><a class=\"w-btn us-btn-style_3 grow_ellipse\" href=\"https:\/\/aventouralia.com\/fr\/contact\/\"><span class=\"w-btn-label\">\u00c9crivez-nous sans engagement<\/span><\/a><\/div><\/div><\/div><\/div><\/div><\/div><\/div><\/section><section class=\"l-section wpb_row height_medium\"><div class=\"l-section-h i-cf\"><div class=\"g-cols vc_row via_flex valign_top type_default stacking_default\"><div class=\"vc_col-sm-4 wpb_column vc_column_container\"><div class=\"vc_column-inner\"><div class=\"wpb_wrapper\"><div class=\"wpb_text_column\"><div class=\"wpb_wrapper\"><h2>Notre<br \/>\n<span class=\"script\">Installations<\/span><\/h2>\n<\/div><\/div><div class=\"w-image align_none\"><div url class=\"w-image-h\"><img loading=\"lazy\" decoding=\"async\" width=\"1024\" height=\"1024\" src=\"https:\/\/aventouralia.com\/wp-content\/uploads\/2023\/08\/quad-2.svg\" class=\"attachment-large size-large\" alt=\"\" \/><\/div><\/div><\/div><\/div><\/div><div class=\"vc_col-sm-8 wpb_column vc_column_container\"><div class=\"vc_column-inner\"><div class=\"wpb_wrapper\"><div class=\"wpb_text_column\"><div class=\"wpb_wrapper\"><p>Chez AvenTouralia, nous avons \u00e0 c\u0153ur d&rsquo;offrir \u00e0 nos clients une exp\u00e9rience inoubliable en quad. C&rsquo;est pourquoi nous disposons d&rsquo;installations de premier ordre qui offrent toutes sortes de commodit\u00e9s pour garantir une exp\u00e9rience confortable et agr\u00e9able \u00e0 nos clients.<br \/>\nNos installations ont une superficie de 1000 m2, ce qui nous permet d&rsquo;offrir suffisamment d&rsquo;espace \u00e0 nos quads et \u00e0 nos clients. En outre, nous disposons d&rsquo;un grand parking qui facilite le stationnement pour les personnes venant en voiture.<\/p>\n<p>Nous disposons \u00e9galement de toilettes \u00e0 l&rsquo;usage de nos clients et d&rsquo;une zone de nettoyage des quads, ce qui garantit que les quads sont toujours en parfait \u00e9tat pour l&rsquo;usage de nos clients. Et pour que nos clients se sentent \u00e0 l&rsquo;aise lors de leur visite, nous disposons d&rsquo;un bureau o\u00f9 ils peuvent r\u00e9server leur aventure en quad et recevoir des conseils personnalis\u00e9s.<\/p>\n<p>En bref, chez AvenTouralia, nous nous effor\u00e7ons d&rsquo;offrir la meilleure exp\u00e9rience de quad \u00e0 nos clients. Avec nos installations de premi\u00e8re classe et tout le confort que nous offrons, nous sommes s\u00fbrs que nos clients se sentiront comme chez eux d\u00e8s leur arriv\u00e9e.<\/p>\n<p>Nous esp\u00e9rons vous voir bient\u00f4t en AvenTouralia !<\/p>\n<\/div><\/div><\/div><\/div><\/div><\/div><\/div><\/section><section class=\"l-section wpb_row us_custom_71c5d2e2 mountain has_text_color height_medium\"><div class=\"l-section-overlay\" style=\"background:rgba(26,26,26,0.75)\"><\/div><div class=\"l-section-h i-cf\"><div class=\"g-cols vc_row via_flex valign_top type_default stacking_default\"><div class=\"vc_col-sm-12 wpb_column vc_column_container\"><div class=\"vc_column-inner\"><div class=\"wpb_wrapper\"><div class=\"wpb_text_column\"><div class=\"wpb_wrapper\"><h2>Nos <span class=\"script white\">v\u00e9hicules<\/span><\/h2>\n<\/div><\/div><div class=\"wpb_text_column us_custom_cdf14ffd\"><div class=\"wpb_wrapper\"><p>Chez AvenTouralia, nous veillons \u00e0 disposer d&rsquo;une flotte de quads de haute qualit\u00e9 pour offrir \u00e0 nos clients une exp\u00e9rience exceptionnelle.<\/p>\n<p>Notre large flotte de v\u00e9hicules Kymco MXU 300 et 250 est enti\u00e8rement r\u00e9vis\u00e9e et pr\u00eate pour l&rsquo;aventure.<\/p>\n<p>Nous avons choisi ces quads biplaces pour leur fiabilit\u00e9, leur maniabilit\u00e9 et leur capacit\u00e9 \u00e0 offrir \u00e0 nos clients une exp\u00e9rience passionnante et s\u00fbre. De plus, nos quads ont \u00e9t\u00e9 pr\u00e9par\u00e9s pour tous les types de terrain, ce qui signifie qu&rsquo;ils peuvent relever n&rsquo;importe quel d\u00e9fi sur nos routes.<\/p>\n<p>Nos clients peuvent donc \u00eatre assur\u00e9s de conduire un v\u00e9hicule s\u00fbr et fiable sur lequel ils peuvent compter tout au long de leur aventure. Ils peuvent ainsi se concentrer sur l&rsquo;exp\u00e9rience du quad et profiter de la nature qui les entoure.<\/p>\n<p>Nos v\u00e9hicules sont con\u00e7us pour offrir une exp\u00e9rience passionnante et s\u00fbre sur chaque itin\u00e9raire !<\/p>\n<\/div><\/div><\/div><\/div><\/div><\/div><\/div><\/section><section class=\"l-section wpb_row us_custom_b373f3db has_text_color height_medium\"><div class=\"l-section-h i-cf\"><div class=\"g-cols vc_row via_flex valign_top type_default stacking_default\"><div class=\"vc_col-sm-12 wpb_column vc_column_container\"><div class=\"vc_column-inner\"><div class=\"wpb_wrapper\"><div class=\"wpb_text_column\"><div class=\"wpb_wrapper\"><h2>Notre <span class=\"script\">emplacement<\/span><\/h2>\n<\/div><\/div><div class=\"g-cols wpb_row us_custom_cdf14ffd via_flex valign_top type_default stacking_default\"><div class=\"vc_col-sm-6 wpb_column vc_column_container\"><div class=\"vc_column-inner\"><div class=\"wpb_wrapper\"><div class=\"wpb_text_column\"><div class=\"wpb_wrapper\"><p>AvenTouralia b\u00e9n\u00e9ficie d&rsquo;une situation privil\u00e9gi\u00e9e \u00e0 Mijas, un beau village situ\u00e9 dans la province de Malaga, en Espagne. Notre entreprise est situ\u00e9e \u00e0 proximit\u00e9 du centre de Fuengirola et \u00e0 seulement quelques kilom\u00e8tres de Marbella, Benalmadena ou Malaga, certaines des destinations touristiques les plus populaires d&rsquo;Andalousie.<\/p>\n<p>Notre emplacement est id\u00e9al non seulement pour les touristes, mais aussi pour les r\u00e9sidents locaux qui souhaitent explorer les nombreuses attractions de la r\u00e9gion. La proximit\u00e9 du centre-ville de Fuengirola permet \u00e0 notre entreprise d&rsquo;acc\u00e9der facilement \u00e0 certaines des attractions les plus populaires de la r\u00e9gion, telles que les marinas, les parcs d&rsquo;attractions, les parcs aquatiques, les zoos, les mus\u00e9es et les lieux d&rsquo;int\u00e9r\u00eat historique. Ces attractions sont facilement accessibles \u00e0 nos h\u00f4tes, ce qui en fait un excellent choix pour ceux qui souhaitent d\u00e9couvrir tout ce que la r\u00e9gion a \u00e0 offrir.<\/p>\n<\/div><\/div><\/div><\/div><\/div><div class=\"vc_col-sm-6 wpb_column vc_column_container\"><div class=\"vc_column-inner\"><div class=\"wpb_wrapper\"><div class=\"wpb_text_column\"><div class=\"wpb_wrapper\"><p>Outre sa situation privil\u00e9gi\u00e9e, AvenTouralia est \u00e9galement facilement accessible par les transports publics. Nous sommes id\u00e9alement situ\u00e9s \u00e0 proximit\u00e9 des gares routi\u00e8res et ferroviaires, ce qui permet aux visiteurs de nous rejoindre facilement par les transports publics. C&rsquo;est particuli\u00e8rement pratique pour ceux qui ne veulent pas louer de voiture ou qui pr\u00e9f\u00e8rent ne pas conduire pendant leurs vacances.<\/p>\n<p>Dans l&rsquo;ensemble, c&rsquo;est l&rsquo;une des nombreuses raisons pour lesquelles notre entreprise est le meilleur choix pour ceux qui recherchent un organisateur de voyages actifs fiable et pratique dans la r\u00e9gion. Que vous soyez un touriste ou un r\u00e9sident local, nous sommes l\u00e0 pour vous aider \u00e0 d\u00e9couvrir tout ce que Mijas et la r\u00e9gion ont \u00e0 offrir.<\/p>\n<p>Si vous avez d&rsquo;autres questions ou si vous souhaitez obtenir plus d&rsquo;informations, contactez-nous !<\/p>\n<\/div><\/div><\/div><\/div><\/div><\/div><\/div><\/div><\/div><\/div><\/div><\/section>\n","protected":false},"excerpt":{"rendered":"[vc_custom_heading text=\"\u00c0 propos d'Aventouralia\" font_container=\"tag:h1|text_align:center\" use_theme_fonts=\"yes\" css=\"%7B%22default%22%3A%7B%22color%22%3A%22_header_middle_text%22%7D%7D\"] La philosophie d&rsquo;Aventouralia Notre philosophie en tant qu&rsquo;entreprise est d&rsquo;apprendre \u00e0 conna\u00eetre la nature, toujours avec le plus grand respect et la plus grande attention, et de repartir avec de bons souvenirs pour la vie. Nous nous effor\u00e7ons de faire en sorte que tous nos clients vivent une...","protected":false},"author":1,"featured_media":0,"parent":0,"menu_order":0,"comment_status":"closed","ping_status":"closed","template":"","meta":{"_acf_changed":false,"footnotes":""},"class_list":["post-7649","page","type-page","status-publish","hentry"],"acf":[],"yoast_head":"<!-- This site is optimized with the Yoast SEO plugin v27.4 - https:\/\/yoast.com\/product\/yoast-seo-wordpress\/ -->\n<title>Agence de tourisme actif et d&#039;aventure \ud83e\udd47.<\/title>\n<meta name=\"description\" content=\"Profitez du tourisme d&#039;aventure et du tourisme actif pour le partager avec votre famille et vos amis. Excursions et itin\u00e9raires uniques et exclusifs en quad.\" \/>\n<meta name=\"robots\" content=\"index, follow, max-snippet:-1, max-image-preview:large, max-video-preview:-1\" \/>\n<link rel=\"canonical\" href=\"https:\/\/aventouralia.com\/fr\/nous\/\" \/>\n<meta property=\"og:locale\" content=\"fr_FR\" \/>\n<meta property=\"og:type\" content=\"article\" \/>\n<meta property=\"og:title\" content=\"Agence de tourisme actif et d&#039;aventure \ud83e\udd47.\" \/>\n<meta property=\"og:description\" content=\"Profitez du tourisme d&#039;aventure et du tourisme actif pour le partager avec votre famille et vos amis. Excursions et itin\u00e9raires uniques et exclusifs en quad.\" \/>\n<meta property=\"og:url\" content=\"https:\/\/aventouralia.com\/fr\/nous\/\" \/>\n<meta property=\"og:site_name\" content=\"Excursiones en Quad y Alquiler de Quads en M\u00e1laga\" \/>\n<meta property=\"article:publisher\" content=\"https:\/\/www.facebook.com\/people\/AvenTouralia\/100063686643527\/\" \/>\n<meta property=\"article:modified_time\" content=\"2025-05-27T17:03:47+00:00\" \/>\n<meta name=\"twitter:card\" content=\"summary_large_image\" \/>\n<meta name=\"twitter:label1\" content=\"Dur\u00e9e de lecture estim\u00e9e\" \/>\n\t<meta name=\"twitter:data1\" content=\"4 minutes\" \/>\n<script type=\"application\/ld+json\" class=\"yoast-schema-graph\">{\"@context\":\"https:\\\/\\\/schema.org\",\"@graph\":[{\"@type\":\"WebPage\",\"@id\":\"https:\\\/\\\/aventouralia.com\\\/fr\\\/nous\\\/\",\"url\":\"https:\\\/\\\/aventouralia.com\\\/fr\\\/nous\\\/\",\"name\":\"Agence de tourisme actif et d'aventure \ud83e\udd47.\",\"isPartOf\":{\"@id\":\"https:\\\/\\\/aventouralia.com\\\/fr\\\/#website\"},\"datePublished\":\"2023-08-02T10:00:12+00:00\",\"dateModified\":\"2025-05-27T17:03:47+00:00\",\"description\":\"Profitez du tourisme d'aventure et du tourisme actif pour le partager avec votre famille et vos amis. Excursions et itin\u00e9raires uniques et exclusifs en quad.\",\"breadcrumb\":{\"@id\":\"https:\\\/\\\/aventouralia.com\\\/fr\\\/nous\\\/#breadcrumb\"},\"inLanguage\":\"fr-FR\",\"potentialAction\":[{\"@type\":\"ReadAction\",\"target\":[\"https:\\\/\\\/aventouralia.com\\\/fr\\\/nous\\\/\"]}]},{\"@type\":\"BreadcrumbList\",\"@id\":\"https:\\\/\\\/aventouralia.com\\\/fr\\\/nous\\\/#breadcrumb\",\"itemListElement\":[{\"@type\":\"ListItem\",\"position\":1,\"name\":\"Portada\",\"item\":\"https:\\\/\\\/aventouralia.com\\\/fr\\\/\"},{\"@type\":\"ListItem\",\"position\":2,\"name\":\"Nous\"}]},{\"@type\":\"WebSite\",\"@id\":\"https:\\\/\\\/aventouralia.com\\\/fr\\\/#website\",\"url\":\"https:\\\/\\\/aventouralia.com\\\/fr\\\/\",\"name\":\"Excursiones en Quad y Alquiler de Quads en M\u00e1laga\",\"description\":\"\",\"publisher\":{\"@id\":\"https:\\\/\\\/aventouralia.com\\\/fr\\\/#organization\"},\"potentialAction\":[{\"@type\":\"SearchAction\",\"target\":{\"@type\":\"EntryPoint\",\"urlTemplate\":\"https:\\\/\\\/aventouralia.com\\\/fr\\\/?s={search_term_string}\"},\"query-input\":{\"@type\":\"PropertyValueSpecification\",\"valueRequired\":true,\"valueName\":\"search_term_string\"}}],\"inLanguage\":\"fr-FR\"},{\"@type\":\"Organization\",\"@id\":\"https:\\\/\\\/aventouralia.com\\\/fr\\\/#organization\",\"name\":\"Excursiones en Quad y Alquiler de Quads en M\u00e1laga\",\"url\":\"https:\\\/\\\/aventouralia.com\\\/fr\\\/\",\"logo\":{\"@type\":\"ImageObject\",\"inLanguage\":\"fr-FR\",\"@id\":\"https:\\\/\\\/aventouralia.com\\\/fr\\\/#\\\/schema\\\/logo\\\/image\\\/\",\"url\":\"https:\\\/\\\/aventouralia.com\\\/wp-content\\\/uploads\\\/2023\\\/09\\\/Aventouralia-favicom.jpg\",\"contentUrl\":\"https:\\\/\\\/aventouralia.com\\\/wp-content\\\/uploads\\\/2023\\\/09\\\/Aventouralia-favicom.jpg\",\"width\":512,\"height\":512,\"caption\":\"Excursiones en Quad y Alquiler de Quads en M\u00e1laga\"},\"image\":{\"@id\":\"https:\\\/\\\/aventouralia.com\\\/fr\\\/#\\\/schema\\\/logo\\\/image\\\/\"},\"sameAs\":[\"https:\\\/\\\/www.facebook.com\\\/people\\\/AvenTouralia\\\/100063686643527\\\/\",\"https:\\\/\\\/www.instagram.com\\\/aventouralia_\\\/\",\"https:\\\/\\\/www.youtube.com\\\/@aventouraliaquads8269\"]}]}<\/script>\n<!-- \/ Yoast SEO plugin. -->","yoast_head_json":{"title":"Agence de tourisme actif et d'aventure \ud83e\udd47.","description":"Profitez du tourisme d'aventure et du tourisme actif pour le partager avec votre famille et vos amis. Excursions et itin\u00e9raires uniques et exclusifs en quad.","robots":{"index":"index","follow":"follow","max-snippet":"max-snippet:-1","max-image-preview":"max-image-preview:large","max-video-preview":"max-video-preview:-1"},"canonical":"https:\/\/aventouralia.com\/fr\/nous\/","og_locale":"fr_FR","og_type":"article","og_title":"Agence de tourisme actif et d'aventure \ud83e\udd47.","og_description":"Profitez du tourisme d'aventure et du tourisme actif pour le partager avec votre famille et vos amis. Excursions et itin\u00e9raires uniques et exclusifs en quad.","og_url":"https:\/\/aventouralia.com\/fr\/nous\/","og_site_name":"Excursiones en Quad y Alquiler de Quads en M\u00e1laga","article_publisher":"https:\/\/www.facebook.com\/people\/AvenTouralia\/100063686643527\/","article_modified_time":"2025-05-27T17:03:47+00:00","twitter_card":"summary_large_image","twitter_misc":{"Dur\u00e9e de lecture estim\u00e9e":"4 minutes"},"schema":{"@context":"https:\/\/schema.org","@graph":[{"@type":"WebPage","@id":"https:\/\/aventouralia.com\/fr\/nous\/","url":"https:\/\/aventouralia.com\/fr\/nous\/","name":"Agence de tourisme actif et d'aventure \ud83e\udd47.","isPartOf":{"@id":"https:\/\/aventouralia.com\/fr\/#website"},"datePublished":"2023-08-02T10:00:12+00:00","dateModified":"2025-05-27T17:03:47+00:00","description":"Profitez du tourisme d'aventure et du tourisme actif pour le partager avec votre famille et vos amis. Excursions et itin\u00e9raires uniques et exclusifs en quad.","breadcrumb":{"@id":"https:\/\/aventouralia.com\/fr\/nous\/#breadcrumb"},"inLanguage":"fr-FR","potentialAction":[{"@type":"ReadAction","target":["https:\/\/aventouralia.com\/fr\/nous\/"]}]},{"@type":"BreadcrumbList","@id":"https:\/\/aventouralia.com\/fr\/nous\/#breadcrumb","itemListElement":[{"@type":"ListItem","position":1,"name":"Portada","item":"https:\/\/aventouralia.com\/fr\/"},{"@type":"ListItem","position":2,"name":"Nous"}]},{"@type":"WebSite","@id":"https:\/\/aventouralia.com\/fr\/#website","url":"https:\/\/aventouralia.com\/fr\/","name":"Excursiones en Quad y Alquiler de Quads en M\u00e1laga","description":"","publisher":{"@id":"https:\/\/aventouralia.com\/fr\/#organization"},"potentialAction":[{"@type":"SearchAction","target":{"@type":"EntryPoint","urlTemplate":"https:\/\/aventouralia.com\/fr\/?s={search_term_string}"},"query-input":{"@type":"PropertyValueSpecification","valueRequired":true,"valueName":"search_term_string"}}],"inLanguage":"fr-FR"},{"@type":"Organization","@id":"https:\/\/aventouralia.com\/fr\/#organization","name":"Excursiones en Quad y Alquiler de Quads en M\u00e1laga","url":"https:\/\/aventouralia.com\/fr\/","logo":{"@type":"ImageObject","inLanguage":"fr-FR","@id":"https:\/\/aventouralia.com\/fr\/#\/schema\/logo\/image\/","url":"https:\/\/aventouralia.com\/wp-content\/uploads\/2023\/09\/Aventouralia-favicom.jpg","contentUrl":"https:\/\/aventouralia.com\/wp-content\/uploads\/2023\/09\/Aventouralia-favicom.jpg","width":512,"height":512,"caption":"Excursiones en Quad y Alquiler de Quads en M\u00e1laga"},"image":{"@id":"https:\/\/aventouralia.com\/fr\/#\/schema\/logo\/image\/"},"sameAs":["https:\/\/www.facebook.com\/people\/AvenTouralia\/100063686643527\/","https:\/\/www.instagram.com\/aventouralia_\/","https:\/\/www.youtube.com\/@aventouraliaquads8269"]}]}},"_links":{"self":[{"href":"https:\/\/aventouralia.com\/fr\/wp-json\/wp\/v2\/pages\/7649","targetHints":{"allow":["GET"]}}],"collection":[{"href":"https:\/\/aventouralia.com\/fr\/wp-json\/wp\/v2\/pages"}],"about":[{"href":"https:\/\/aventouralia.com\/fr\/wp-json\/wp\/v2\/types\/page"}],"author":[{"embeddable":true,"href":"https:\/\/aventouralia.com\/fr\/wp-json\/wp\/v2\/users\/1"}],"replies":[{"embeddable":true,"href":"https:\/\/aventouralia.com\/fr\/wp-json\/wp\/v2\/comments?post=7649"}],"version-history":[{"count":6,"href":"https:\/\/aventouralia.com\/fr\/wp-json\/wp\/v2\/pages\/7649\/revisions"}],"predecessor-version":[{"id":10471,"href":"https:\/\/aventouralia.com\/fr\/wp-json\/wp\/v2\/pages\/7649\/revisions\/10471"}],"wp:attachment":[{"href":"https:\/\/aventouralia.com\/fr\/wp-json\/wp\/v2\/media?parent=7649"}],"curies":[{"name":"wp","href":"https:\/\/api.w.org\/{rel}","templated":true}]}}