{"id":7967,"date":"2023-08-28T08:13:53","date_gmt":"2023-08-28T06:13:53","guid":{"rendered":"https:\/\/aventouralia.com\/producto\/parcours-dune-heure-en-quad\/"},"modified":"2026-02-02T19:17:43","modified_gmt":"2026-02-02T17:17:43","slug":"route-on-quad-a-hour","status":"publish","type":"product","link":"https:\/\/aventouralia.com\/fr\/producto\/route-on-quad-a-hour\/","title":{"rendered":"Parcours d&rsquo;une heure en quad"},"content":{"rendered":"<p>Notre itin\u00e9raire d&rsquo;initiation au quad est parfait pour ceux qui veulent d\u00e9couvrir Mijas sous un angle diff\u00e9rent et passionnant.<\/p>\n<div class=\"fhCal\"><!-- FareHarbor calendar of item #532900 --><br \/>\n<script src=\"https:\/\/fareharbor.com\/embeds\/script\/calendar-small\/aventouralia\/items\/532900\/?fallback=simple&amp;full-items=yes&amp;flow=1145467\"><\/script><\/div>\n","protected":false},"excerpt":{"rendered":"<p>Parcours d&rsquo;une heure en quad<\/p>\n","protected":false},"featured_media":10672,"comment_status":"open","ping_status":"closed","template":"","meta":{"_acf_changed":false},"product_brand":[],"product_cat":[90],"product_tag":[95],"class_list":{"0":"post-7967","1":"product","2":"type-product","3":"status-publish","4":"has-post-thumbnail","6":"product_cat-ventourquad-routes-fr","7":"product_tag-plus-de-demande","9":"first","10":"instock","11":"virtual","12":"sold-individually","13":"purchasable","14":"product-type-booking"},"acf":[],"yoast_head":"<!-- This site is optimized with the Yoast SEO plugin v27.4 - https:\/\/yoast.com\/product\/yoast-seo-wordpress\/ -->\n<title>Parcours d&#039;une heure en quad - Excursiones en Quad y Alquiler de Quads en M\u00e1laga<\/title>\n<meta name=\"description\" content=\"Une heure de trajet en quad. Profitez des montagnes de Mijas et des vues panoramiques de la Costa del Sol gr\u00e2ce \u00e0 nos excursions en quad. R\u00e9servez d\u00e8s maintenant\" \/>\n<meta name=\"robots\" content=\"index, follow, max-snippet:-1, max-image-preview:large, max-video-preview:-1\" \/>\n<link rel=\"canonical\" href=\"https:\/\/aventouralia.com\/fr\/producto\/route-on-quad-a-hour\/\" \/>\n<meta property=\"og:locale\" content=\"fr_FR\" \/>\n<meta property=\"og:type\" content=\"article\" \/>\n<meta property=\"og:title\" content=\"Parcours d&#039;une heure en quad - Excursiones en Quad y Alquiler de Quads en M\u00e1laga\" \/>\n<meta property=\"og:description\" content=\"Une heure de trajet en quad. Profitez des montagnes de Mijas et des vues panoramiques de la Costa del Sol gr\u00e2ce \u00e0 nos excursions en quad. R\u00e9servez d\u00e8s maintenant\" \/>\n<meta property=\"og:url\" content=\"https:\/\/aventouralia.com\/fr\/producto\/route-on-quad-a-hour\/\" \/>\n<meta property=\"og:site_name\" content=\"Excursiones en Quad y Alquiler de Quads en M\u00e1laga\" \/>\n<meta property=\"article:publisher\" content=\"https:\/\/www.facebook.com\/people\/AvenTouralia\/100063686643527\/\" \/>\n<meta property=\"article:modified_time\" content=\"2026-02-02T17:17:43+00:00\" \/>\n<meta property=\"og:image\" content=\"https:\/\/aventouralia.com\/wp-content\/uploads\/2023\/08\/DSC05108-1-scaled.jpg\" \/>\n\t<meta property=\"og:image:width\" content=\"1920\" \/>\n\t<meta property=\"og:image:height\" content=\"1280\" \/>\n\t<meta property=\"og:image:type\" content=\"image\/jpeg\" \/>\n<meta name=\"twitter:card\" content=\"summary_large_image\" \/>\n<meta name=\"twitter:label1\" content=\"Dur\u00e9e de lecture estim\u00e9e\" \/>\n\t<meta name=\"twitter:data1\" content=\"1 minute\" \/>\n<script type=\"application\/ld+json\" class=\"yoast-schema-graph\">{\"@context\":\"https:\\\/\\\/schema.org\",\"@graph\":[{\"@type\":\"WebPage\",\"@id\":\"https:\\\/\\\/aventouralia.com\\\/fr\\\/producto\\\/route-on-quad-a-hour\\\/\",\"url\":\"https:\\\/\\\/aventouralia.com\\\/fr\\\/producto\\\/route-on-quad-a-hour\\\/\",\"name\":\"Parcours d'une heure en quad - Excursiones en Quad y Alquiler de Quads en M\u00e1laga\",\"isPartOf\":{\"@id\":\"https:\\\/\\\/aventouralia.com\\\/fr\\\/#website\"},\"primaryImageOfPage\":{\"@id\":\"https:\\\/\\\/aventouralia.com\\\/fr\\\/producto\\\/route-on-quad-a-hour\\\/#primaryimage\"},\"image\":{\"@id\":\"https:\\\/\\\/aventouralia.com\\\/fr\\\/producto\\\/route-on-quad-a-hour\\\/#primaryimage\"},\"thumbnailUrl\":\"https:\\\/\\\/aventouralia.com\\\/wp-content\\\/uploads\\\/2023\\\/08\\\/DSC05108-1-scaled.jpg\",\"datePublished\":\"2023-08-28T06:13:53+00:00\",\"dateModified\":\"2026-02-02T17:17:43+00:00\",\"description\":\"Une heure de trajet en quad. Profitez des montagnes de Mijas et des vues panoramiques de la Costa del Sol gr\u00e2ce \u00e0 nos excursions en quad. R\u00e9servez d\u00e8s maintenant\",\"breadcrumb\":{\"@id\":\"https:\\\/\\\/aventouralia.com\\\/fr\\\/producto\\\/route-on-quad-a-hour\\\/#breadcrumb\"},\"inLanguage\":\"fr-FR\",\"potentialAction\":[{\"@type\":\"ReadAction\",\"target\":[\"https:\\\/\\\/aventouralia.com\\\/fr\\\/producto\\\/route-on-quad-a-hour\\\/\"]}]},{\"@type\":\"ImageObject\",\"inLanguage\":\"fr-FR\",\"@id\":\"https:\\\/\\\/aventouralia.com\\\/fr\\\/producto\\\/route-on-quad-a-hour\\\/#primaryimage\",\"url\":\"https:\\\/\\\/aventouralia.com\\\/wp-content\\\/uploads\\\/2023\\\/08\\\/DSC05108-1-scaled.jpg\",\"contentUrl\":\"https:\\\/\\\/aventouralia.com\\\/wp-content\\\/uploads\\\/2023\\\/08\\\/DSC05108-1-scaled.jpg\",\"width\":1920,\"height\":1280},{\"@type\":\"BreadcrumbList\",\"@id\":\"https:\\\/\\\/aventouralia.com\\\/fr\\\/producto\\\/route-on-quad-a-hour\\\/#breadcrumb\",\"itemListElement\":[{\"@type\":\"ListItem\",\"position\":1,\"name\":\"Portada\",\"item\":\"https:\\\/\\\/aventouralia.com\\\/fr\\\/\"},{\"@type\":\"ListItem\",\"position\":2,\"name\":\"Quads\",\"item\":\"https:\\\/\\\/aventouralia.com\\\/fr\\\/itineraires\\\/\"},{\"@type\":\"ListItem\",\"position\":3,\"name\":\"Parcours d&#8217;une heure en quad\"}]},{\"@type\":\"WebSite\",\"@id\":\"https:\\\/\\\/aventouralia.com\\\/fr\\\/#website\",\"url\":\"https:\\\/\\\/aventouralia.com\\\/fr\\\/\",\"name\":\"Excursiones en Quad y Alquiler de Quads en M\u00e1laga\",\"description\":\"\",\"publisher\":{\"@id\":\"https:\\\/\\\/aventouralia.com\\\/fr\\\/#organization\"},\"potentialAction\":[{\"@type\":\"SearchAction\",\"target\":{\"@type\":\"EntryPoint\",\"urlTemplate\":\"https:\\\/\\\/aventouralia.com\\\/fr\\\/?s={search_term_string}\"},\"query-input\":{\"@type\":\"PropertyValueSpecification\",\"valueRequired\":true,\"valueName\":\"search_term_string\"}}],\"inLanguage\":\"fr-FR\"},{\"@type\":\"Organization\",\"@id\":\"https:\\\/\\\/aventouralia.com\\\/fr\\\/#organization\",\"name\":\"Excursiones en Quad y Alquiler de Quads en M\u00e1laga\",\"url\":\"https:\\\/\\\/aventouralia.com\\\/fr\\\/\",\"logo\":{\"@type\":\"ImageObject\",\"inLanguage\":\"fr-FR\",\"@id\":\"https:\\\/\\\/aventouralia.com\\\/fr\\\/#\\\/schema\\\/logo\\\/image\\\/\",\"url\":\"https:\\\/\\\/aventouralia.com\\\/wp-content\\\/uploads\\\/2023\\\/09\\\/Aventouralia-favicom.jpg\",\"contentUrl\":\"https:\\\/\\\/aventouralia.com\\\/wp-content\\\/uploads\\\/2023\\\/09\\\/Aventouralia-favicom.jpg\",\"width\":512,\"height\":512,\"caption\":\"Excursiones en Quad y Alquiler de Quads en M\u00e1laga\"},\"image\":{\"@id\":\"https:\\\/\\\/aventouralia.com\\\/fr\\\/#\\\/schema\\\/logo\\\/image\\\/\"},\"sameAs\":[\"https:\\\/\\\/www.facebook.com\\\/people\\\/AvenTouralia\\\/100063686643527\\\/\",\"https:\\\/\\\/www.instagram.com\\\/aventouralia_\\\/\",\"https:\\\/\\\/www.youtube.com\\\/@aventouraliaquads8269\"]}]}<\/script>\n<!-- \/ Yoast SEO plugin. -->","yoast_head_json":{"title":"Parcours d'une heure en quad - Excursiones en Quad y Alquiler de Quads en M\u00e1laga","description":"Une heure de trajet en quad. Profitez des montagnes de Mijas et des vues panoramiques de la Costa del Sol gr\u00e2ce \u00e0 nos excursions en quad. R\u00e9servez d\u00e8s maintenant","robots":{"index":"index","follow":"follow","max-snippet":"max-snippet:-1","max-image-preview":"max-image-preview:large","max-video-preview":"max-video-preview:-1"},"canonical":"https:\/\/aventouralia.com\/fr\/producto\/route-on-quad-a-hour\/","og_locale":"fr_FR","og_type":"article","og_title":"Parcours d'une heure en quad - Excursiones en Quad y Alquiler de Quads en M\u00e1laga","og_description":"Une heure de trajet en quad. Profitez des montagnes de Mijas et des vues panoramiques de la Costa del Sol gr\u00e2ce \u00e0 nos excursions en quad. R\u00e9servez d\u00e8s maintenant","og_url":"https:\/\/aventouralia.com\/fr\/producto\/route-on-quad-a-hour\/","og_site_name":"Excursiones en Quad y Alquiler de Quads en M\u00e1laga","article_publisher":"https:\/\/www.facebook.com\/people\/AvenTouralia\/100063686643527\/","article_modified_time":"2026-02-02T17:17:43+00:00","og_image":[{"width":1920,"height":1280,"url":"https:\/\/aventouralia.com\/wp-content\/uploads\/2023\/08\/DSC05108-1-scaled.jpg","type":"image\/jpeg"}],"twitter_card":"summary_large_image","twitter_misc":{"Dur\u00e9e de lecture estim\u00e9e":"1 minute"},"schema":{"@context":"https:\/\/schema.org","@graph":[{"@type":"WebPage","@id":"https:\/\/aventouralia.com\/fr\/producto\/route-on-quad-a-hour\/","url":"https:\/\/aventouralia.com\/fr\/producto\/route-on-quad-a-hour\/","name":"Parcours d'une heure en quad - Excursiones en Quad y Alquiler de Quads en M\u00e1laga","isPartOf":{"@id":"https:\/\/aventouralia.com\/fr\/#website"},"primaryImageOfPage":{"@id":"https:\/\/aventouralia.com\/fr\/producto\/route-on-quad-a-hour\/#primaryimage"},"image":{"@id":"https:\/\/aventouralia.com\/fr\/producto\/route-on-quad-a-hour\/#primaryimage"},"thumbnailUrl":"https:\/\/aventouralia.com\/wp-content\/uploads\/2023\/08\/DSC05108-1-scaled.jpg","datePublished":"2023-08-28T06:13:53+00:00","dateModified":"2026-02-02T17:17:43+00:00","description":"Une heure de trajet en quad. Profitez des montagnes de Mijas et des vues panoramiques de la Costa del Sol gr\u00e2ce \u00e0 nos excursions en quad. R\u00e9servez d\u00e8s maintenant","breadcrumb":{"@id":"https:\/\/aventouralia.com\/fr\/producto\/route-on-quad-a-hour\/#breadcrumb"},"inLanguage":"fr-FR","potentialAction":[{"@type":"ReadAction","target":["https:\/\/aventouralia.com\/fr\/producto\/route-on-quad-a-hour\/"]}]},{"@type":"ImageObject","inLanguage":"fr-FR","@id":"https:\/\/aventouralia.com\/fr\/producto\/route-on-quad-a-hour\/#primaryimage","url":"https:\/\/aventouralia.com\/wp-content\/uploads\/2023\/08\/DSC05108-1-scaled.jpg","contentUrl":"https:\/\/aventouralia.com\/wp-content\/uploads\/2023\/08\/DSC05108-1-scaled.jpg","width":1920,"height":1280},{"@type":"BreadcrumbList","@id":"https:\/\/aventouralia.com\/fr\/producto\/route-on-quad-a-hour\/#breadcrumb","itemListElement":[{"@type":"ListItem","position":1,"name":"Portada","item":"https:\/\/aventouralia.com\/fr\/"},{"@type":"ListItem","position":2,"name":"Quads","item":"https:\/\/aventouralia.com\/fr\/itineraires\/"},{"@type":"ListItem","position":3,"name":"Parcours d&#8217;une heure en quad"}]},{"@type":"WebSite","@id":"https:\/\/aventouralia.com\/fr\/#website","url":"https:\/\/aventouralia.com\/fr\/","name":"Excursiones en Quad y Alquiler de Quads en M\u00e1laga","description":"","publisher":{"@id":"https:\/\/aventouralia.com\/fr\/#organization"},"potentialAction":[{"@type":"SearchAction","target":{"@type":"EntryPoint","urlTemplate":"https:\/\/aventouralia.com\/fr\/?s={search_term_string}"},"query-input":{"@type":"PropertyValueSpecification","valueRequired":true,"valueName":"search_term_string"}}],"inLanguage":"fr-FR"},{"@type":"Organization","@id":"https:\/\/aventouralia.com\/fr\/#organization","name":"Excursiones en Quad y Alquiler de Quads en M\u00e1laga","url":"https:\/\/aventouralia.com\/fr\/","logo":{"@type":"ImageObject","inLanguage":"fr-FR","@id":"https:\/\/aventouralia.com\/fr\/#\/schema\/logo\/image\/","url":"https:\/\/aventouralia.com\/wp-content\/uploads\/2023\/09\/Aventouralia-favicom.jpg","contentUrl":"https:\/\/aventouralia.com\/wp-content\/uploads\/2023\/09\/Aventouralia-favicom.jpg","width":512,"height":512,"caption":"Excursiones en Quad y Alquiler de Quads en M\u00e1laga"},"image":{"@id":"https:\/\/aventouralia.com\/fr\/#\/schema\/logo\/image\/"},"sameAs":["https:\/\/www.facebook.com\/people\/AvenTouralia\/100063686643527\/","https:\/\/www.instagram.com\/aventouralia_\/","https:\/\/www.youtube.com\/@aventouraliaquads8269"]}]}},"_links":{"self":[{"href":"https:\/\/aventouralia.com\/fr\/wp-json\/wp\/v2\/product\/7967","targetHints":{"allow":["GET"]}}],"collection":[{"href":"https:\/\/aventouralia.com\/fr\/wp-json\/wp\/v2\/product"}],"about":[{"href":"https:\/\/aventouralia.com\/fr\/wp-json\/wp\/v2\/types\/product"}],"replies":[{"embeddable":true,"href":"https:\/\/aventouralia.com\/fr\/wp-json\/wp\/v2\/comments?post=7967"}],"wp:featuredmedia":[{"embeddable":true,"href":"https:\/\/aventouralia.com\/fr\/wp-json\/wp\/v2\/media\/10672"}],"wp:attachment":[{"href":"https:\/\/aventouralia.com\/fr\/wp-json\/wp\/v2\/media?parent=7967"}],"wp:term":[{"taxonomy":"product_brand","embeddable":true,"href":"https:\/\/aventouralia.com\/fr\/wp-json\/wp\/v2\/product_brand?post=7967"},{"taxonomy":"product_cat","embeddable":true,"href":"https:\/\/aventouralia.com\/fr\/wp-json\/wp\/v2\/product_cat?post=7967"},{"taxonomy":"product_tag","embeddable":true,"href":"https:\/\/aventouralia.com\/fr\/wp-json\/wp\/v2\/product_tag?post=7967"}],"curies":[{"name":"wp","href":"https:\/\/api.w.org\/{rel}","templated":true}]}}